{"id":3249,"date":"2026-02-22T15:44:40","date_gmt":"2026-02-22T14:44:40","guid":{"rendered":"https:\/\/globalportalnews.com\/es\/?page_id=3249"},"modified":"2026-02-22T15:45:07","modified_gmt":"2026-02-22T14:45:07","slug":"quienes-somos","status":"publish","type":"page","link":"https:\/\/globalportalnews.com\/es\/quienes-somos\/","title":{"rendered":"Qui\u00e9nes somos"},"content":{"rendered":"\t\t<div data-elementor-type=\"wp-page\" data-elementor-id=\"3249\" class=\"elementor elementor-3249\">\n\t\t\t\t<div class=\"elementor-element elementor-element-546861c e-flex e-con-boxed e-con e-parent\" data-id=\"546861c\" data-element_type=\"container\">\n\t\t\t\t\t<div class=\"e-con-inner\">\n\t\t\t\t<div class=\"elementor-element elementor-element-0ebbef0 elementor-widget elementor-widget-text-editor\" data-id=\"0ebbef0\" data-element_type=\"widget\" data-widget_type=\"text-editor.default\">\n\t\t\t\t<div class=\"elementor-widget-container\">\n\t\t\t\t\t\t\t\t\t<p>Somos un proyecto editorial independiente creado con una idea muy sencilla: ofrecer contenidos informativos, noticias del Reino Unido en Espa\u00f1ol, de forma clara, directa y transparente.<\/p><p>Creemos en una web que prioriza la calidad del contenido, las noticias contrastadas y calidad de las fuentes, por encima de la complejidad t\u00e9cnica, la publicidad invasiva o el uso innecesario de datos personales. Nuestro objetivo es publicar informaci\u00f3n de inter\u00e9s general en relaci\u00f3n con el Reino Unido, en un entorno respetuoso con la privacidad y f\u00e1cil de navegar.<\/p><p>Este proyecto nace con un enfoque minimalista. No utilizamos herramientas de seguimiento con fines comerciales, no realizamos actividades de marketing y no desarrollamos pr\u00e1cticas de monetizaci\u00f3n. Nuestra prioridad es el contenido y la experiencia del lector. Recopilamos y nos informamos de las fuentes m\u00e1s fiables y los medios con m\u00e1s prestigio del panorama period\u00edstico brit\u00e1nico, y lo ofrecemos en Espa\u00f1ol para un p\u00fablico interesado en profundizar en el d\u00eda a d\u00eda de las noticias y la pol\u00edtica del Reino Unido.<\/p><p>Tambi\u00e9n creemos que la transparencia es fundamental. Por ello, la estructura t\u00e9cnica del sitio est\u00e1 dise\u00f1ada para ser sencilla y coherente con nuestros principios de privacidad y minimizaci\u00f3n de datos.<\/p><p>Si desea ponerse en contacto con nosotros, puede hacerlo a trav\u00e9s del siguiente correo electr\u00f3nico:<\/p><p><strong>globalportalnews@gmail.com <\/strong><\/p><p>Estaremos encantados de atender cualquier consulta relacionada con el contenido publicado o con el proyecto en general.<\/p>\t\t\t\t\t\t\t\t<\/div>\n\t\t\t\t<\/div>\n\t\t\t\t\t<\/div>\n\t\t\t\t<\/div>\n\t\t\t\t<\/div>\n\t\t","protected":false},"excerpt":{"rendered":"Somos un proyecto editorial independiente creado con una idea muy sencilla: ofrecer contenidos informativos, noticias del Reino Unido&hellip;","protected":false},"author":1,"featured_media":0,"parent":0,"menu_order":0,"comment_status":"closed","ping_status":"closed","template":"","meta":{"csco_display_header_overlay":false,"csco_singular_sidebar":"","csco_page_header_type":"","csco_page_load_nextpost":"","csco_post_video_location":[],"csco_post_video_location_hash":"","csco_post_video_url":"","csco_post_video_bg_start_time":0,"csco_post_video_bg_end_time":0,"footnotes":""},"class_list":{"0":"post-3249","1":"page","2":"type-page","3":"status-publish","5":"cs-entry","6":"cs-video-wrap"},"yoast_head":"<!-- This site is optimized with the Yoast SEO plugin v24.5 - https:\/\/yoast.com\/wordpress\/plugins\/seo\/ -->\n<title>Qui\u00e9nes somos - GPN en Espa\u00f1ol<\/title>\n<meta name=\"robots\" content=\"index, follow, max-snippet:-1, max-image-preview:large, max-video-preview:-1\" \/>\n<link rel=\"canonical\" href=\"https:\/\/globalportalnews.com\/es\/quienes-somos\/\" \/>\n<meta property=\"og:locale\" content=\"es_ES\" \/>\n<meta property=\"og:type\" content=\"article\" \/>\n<meta property=\"og:title\" content=\"Qui\u00e9nes somos - GPN en Espa\u00f1ol\" \/>\n<meta property=\"og:description\" content=\"Somos un proyecto editorial independiente creado con una idea muy sencilla: ofrecer contenidos informativos, noticias del Reino Unido&hellip;\" \/>\n<meta property=\"og:url\" content=\"https:\/\/globalportalnews.com\/es\/quienes-somos\/\" \/>\n<meta property=\"og:site_name\" content=\"GPN en Espa\u00f1ol\" \/>\n<meta property=\"article:modified_time\" content=\"2026-02-22T14:45:07+00:00\" \/>\n<meta name=\"twitter:card\" content=\"summary_large_image\" \/>\n<meta name=\"twitter:label1\" content=\"Tiempo de lectura\" \/>\n\t<meta name=\"twitter:data1\" content=\"2 minutos\" \/>\n<script type=\"application\/ld+json\" class=\"yoast-schema-graph\">{\"@context\":\"https:\/\/schema.org\",\"@graph\":[{\"@type\":\"WebPage\",\"@id\":\"https:\/\/globalportalnews.com\/es\/quienes-somos\/\",\"url\":\"https:\/\/globalportalnews.com\/es\/quienes-somos\/\",\"name\":\"Qui\u00e9nes somos - GPN en Espa\u00f1ol\",\"isPartOf\":{\"@id\":\"https:\/\/globalportalnews.com\/es\/#website\"},\"datePublished\":\"2026-02-22T14:44:40+00:00\",\"dateModified\":\"2026-02-22T14:45:07+00:00\",\"breadcrumb\":{\"@id\":\"https:\/\/globalportalnews.com\/es\/quienes-somos\/#breadcrumb\"},\"inLanguage\":\"es\",\"potentialAction\":[{\"@type\":\"ReadAction\",\"target\":[\"https:\/\/globalportalnews.com\/es\/quienes-somos\/\"]}]},{\"@type\":\"BreadcrumbList\",\"@id\":\"https:\/\/globalportalnews.com\/es\/quienes-somos\/#breadcrumb\",\"itemListElement\":[{\"@type\":\"ListItem\",\"position\":1,\"name\":\"Home\",\"item\":\"https:\/\/globalportalnews.com\/es\/\"},{\"@type\":\"ListItem\",\"position\":2,\"name\":\"Qui\u00e9nes somos\"}]},{\"@type\":\"WebSite\",\"@id\":\"https:\/\/globalportalnews.com\/es\/#website\",\"url\":\"https:\/\/globalportalnews.com\/es\/\",\"name\":\"GPN en Espa\u00f1ol\",\"description\":\"\",\"potentialAction\":[{\"@type\":\"SearchAction\",\"target\":{\"@type\":\"EntryPoint\",\"urlTemplate\":\"https:\/\/globalportalnews.com\/es\/?s={search_term_string}\"},\"query-input\":{\"@type\":\"PropertyValueSpecification\",\"valueRequired\":true,\"valueName\":\"search_term_string\"}}],\"inLanguage\":\"es\"}]}<\/script>\n<!-- \/ Yoast SEO plugin. -->","yoast_head_json":{"title":"Qui\u00e9nes somos - GPN en Espa\u00f1ol","robots":{"index":"index","follow":"follow","max-snippet":"max-snippet:-1","max-image-preview":"max-image-preview:large","max-video-preview":"max-video-preview:-1"},"canonical":"https:\/\/globalportalnews.com\/es\/quienes-somos\/","og_locale":"es_ES","og_type":"article","og_title":"Qui\u00e9nes somos - GPN en Espa\u00f1ol","og_description":"Somos un proyecto editorial independiente creado con una idea muy sencilla: ofrecer contenidos informativos, noticias del Reino Unido&hellip;","og_url":"https:\/\/globalportalnews.com\/es\/quienes-somos\/","og_site_name":"GPN en Espa\u00f1ol","article_modified_time":"2026-02-22T14:45:07+00:00","twitter_card":"summary_large_image","twitter_misc":{"Tiempo de lectura":"2 minutos"},"schema":{"@context":"https:\/\/schema.org","@graph":[{"@type":"WebPage","@id":"https:\/\/globalportalnews.com\/es\/quienes-somos\/","url":"https:\/\/globalportalnews.com\/es\/quienes-somos\/","name":"Qui\u00e9nes somos - GPN en Espa\u00f1ol","isPartOf":{"@id":"https:\/\/globalportalnews.com\/es\/#website"},"datePublished":"2026-02-22T14:44:40+00:00","dateModified":"2026-02-22T14:45:07+00:00","breadcrumb":{"@id":"https:\/\/globalportalnews.com\/es\/quienes-somos\/#breadcrumb"},"inLanguage":"es","potentialAction":[{"@type":"ReadAction","target":["https:\/\/globalportalnews.com\/es\/quienes-somos\/"]}]},{"@type":"BreadcrumbList","@id":"https:\/\/globalportalnews.com\/es\/quienes-somos\/#breadcrumb","itemListElement":[{"@type":"ListItem","position":1,"name":"Home","item":"https:\/\/globalportalnews.com\/es\/"},{"@type":"ListItem","position":2,"name":"Qui\u00e9nes somos"}]},{"@type":"WebSite","@id":"https:\/\/globalportalnews.com\/es\/#website","url":"https:\/\/globalportalnews.com\/es\/","name":"GPN en Espa\u00f1ol","description":"","potentialAction":[{"@type":"SearchAction","target":{"@type":"EntryPoint","urlTemplate":"https:\/\/globalportalnews.com\/es\/?s={search_term_string}"},"query-input":{"@type":"PropertyValueSpecification","valueRequired":true,"valueName":"search_term_string"}}],"inLanguage":"es"}]}},"_links":{"self":[{"href":"https:\/\/globalportalnews.com\/es\/wp-json\/wp\/v2\/pages\/3249","targetHints":{"allow":["GET"]}}],"collection":[{"href":"https:\/\/globalportalnews.com\/es\/wp-json\/wp\/v2\/pages"}],"about":[{"href":"https:\/\/globalportalnews.com\/es\/wp-json\/wp\/v2\/types\/page"}],"author":[{"embeddable":true,"href":"https:\/\/globalportalnews.com\/es\/wp-json\/wp\/v2\/users\/1"}],"replies":[{"embeddable":true,"href":"https:\/\/globalportalnews.com\/es\/wp-json\/wp\/v2\/comments?post=3249"}],"version-history":[{"count":7,"href":"https:\/\/globalportalnews.com\/es\/wp-json\/wp\/v2\/pages\/3249\/revisions"}],"predecessor-version":[{"id":3256,"href":"https:\/\/globalportalnews.com\/es\/wp-json\/wp\/v2\/pages\/3249\/revisions\/3256"}],"wp:attachment":[{"href":"https:\/\/globalportalnews.com\/es\/wp-json\/wp\/v2\/media?parent=3249"}],"curies":[{"name":"wp","href":"https:\/\/api.w.org\/{rel}","templated":true}]}}